{"id":218,"date":"2026-03-15T19:42:07","date_gmt":"2026-03-15T19:42:07","guid":{"rendered":"https:\/\/sorsic.mojweb.com.hr\/?page_id=218"},"modified":"2026-03-15T19:56:31","modified_gmt":"2026-03-15T19:56:31","slug":"kontaktiraj-nas","status":"publish","type":"page","link":"https:\/\/sorsic.mojweb.com.hr\/index.php\/kontaktiraj-nas\/","title":{"rendered":"KONTAKTIRAJ NAS"},"content":{"rendered":"\n<p>Imate pitanje ili \u017eelite rezervirati boravak u <strong>Santa Domenica Lux Villi<\/strong>? Slobodno nam po\u0161aljite upit \u2013 rado \u0107emo vam pomo\u0107i oko rezervacije, dostupnosti termina ili dodatnih informacija o boravku.<\/p>\n\n\n\n<p>Bilo da planirate romanti\u010dni vikend, opu\u0161taju\u0107i odmor uz bazen i wellness sadr\u017eaje ili privatno dru\u017eenje s prijateljima, stojimo vam na raspolaganju za sve detalje vezane uz va\u0161 boravak.<\/p>\n\n\n\n<p>Ispunite kontakt formu ili nam se javite putem e-maila ili telefona, a mi \u0107emo vam odgovoriti u najkra\u0107em mogu\u0107em roku.<\/p>\n\n\n\n<div class=\"wp-block-group alignfull has-text-color has-background is-layout-flow wp-block-group-is-layout-flow\" style=\"color:#000000;background-color:#ffffff\">\n<div style=\"height:64px\" aria-hidden=\"true\" class=\"wp-block-spacer\"><\/div>\n\n\n<div class=\"is-default-size aligncenter wp-block-site-logo\"><a href=\"https:\/\/sorsic.mojweb.com.hr\/\" class=\"custom-logo-link\" rel=\"home\"><img fetchpriority=\"high\" decoding=\"async\" width=\"2000\" height=\"2000\" src=\"https:\/\/sorsic.mojweb.com.hr\/wp-content\/uploads\/2026\/03\/Stroupe-Donna.png\" class=\"custom-logo\" alt=\"Santa Domenica\" srcset=\"https:\/\/sorsic.mojweb.com.hr\/wp-content\/uploads\/2026\/03\/Stroupe-Donna.png 2000w, https:\/\/sorsic.mojweb.com.hr\/wp-content\/uploads\/2026\/03\/Stroupe-Donna-300x300.png 300w, https:\/\/sorsic.mojweb.com.hr\/wp-content\/uploads\/2026\/03\/Stroupe-Donna-1024x1024.png 1024w, https:\/\/sorsic.mojweb.com.hr\/wp-content\/uploads\/2026\/03\/Stroupe-Donna-150x150.png 150w, https:\/\/sorsic.mojweb.com.hr\/wp-content\/uploads\/2026\/03\/Stroupe-Donna-768x768.png 768w, https:\/\/sorsic.mojweb.com.hr\/wp-content\/uploads\/2026\/03\/Stroupe-Donna-1536x1536.png 1536w\" sizes=\"(max-width: 2000px) 100vw, 2000px\" \/><\/a><\/div>\n\n\n<p class=\"has-text-align-center has-small-font-size\" style=\"line-height:.9\">JAVITE NAM SE<\/p>\n\n\n\n<h2 class=\"wp-block-heading has-text-align-center\" id=\"schedule-a-visit\" style=\"font-size:clamp(32.969px, 2.061rem + ((1vw - 3.2px) * 3.254), 59px);px;line-height:1.15\"><\/h2>\n\n\n\n<div class=\"wp-block-buttons is-horizontal is-content-justification-center is-layout-flex wp-container-core-buttons-is-layout-03627597 wp-block-buttons-is-layout-flex\">\n<div class=\"wp-block-button has-custom-width wp-block-button__width-50\"><a class=\"wp-block-button__link has-text-color has-background wp-element-button\" style=\"border-radius:50px;color:#ffffff;background-color:#000000\">ISPUNITE KONTAKT FORMU <\/a><\/div>\n<\/div>\n<\/div>\n\n\n\n<p><\/p>\n","protected":false},"excerpt":{"rendered":"<p>Imate pitanje ili \u017eelite rezervirati boravak u Santa Domenica Lux Villi? Slobodno nam po\u0161aljite upit \u2013 rado \u0107emo vam pomo\u0107i oko rezervacije, dostupnosti termina ili dodatnih informacija o boravku. Bilo da planirate romanti\u010dni vikend, opu\u0161taju\u0107i odmor uz bazen i wellness sadr\u017eaje ili privatno dru\u017eenje s prijateljima, stojimo vam na raspolaganju za sve detalje vezane uz [&hellip;]<\/p>\n","protected":false},"author":1,"featured_media":0,"parent":0,"menu_order":0,"comment_status":"closed","ping_status":"closed","template":"","meta":{"footnotes":""},"class_list":["post-218","page","type-page","status-publish","hentry"],"_links":{"self":[{"href":"https:\/\/sorsic.mojweb.com.hr\/index.php\/wp-json\/wp\/v2\/pages\/218","targetHints":{"allow":["GET"]}}],"collection":[{"href":"https:\/\/sorsic.mojweb.com.hr\/index.php\/wp-json\/wp\/v2\/pages"}],"about":[{"href":"https:\/\/sorsic.mojweb.com.hr\/index.php\/wp-json\/wp\/v2\/types\/page"}],"author":[{"embeddable":true,"href":"https:\/\/sorsic.mojweb.com.hr\/index.php\/wp-json\/wp\/v2\/users\/1"}],"replies":[{"embeddable":true,"href":"https:\/\/sorsic.mojweb.com.hr\/index.php\/wp-json\/wp\/v2\/comments?post=218"}],"version-history":[{"count":3,"href":"https:\/\/sorsic.mojweb.com.hr\/index.php\/wp-json\/wp\/v2\/pages\/218\/revisions"}],"predecessor-version":[{"id":229,"href":"https:\/\/sorsic.mojweb.com.hr\/index.php\/wp-json\/wp\/v2\/pages\/218\/revisions\/229"}],"wp:attachment":[{"href":"https:\/\/sorsic.mojweb.com.hr\/index.php\/wp-json\/wp\/v2\/media?parent=218"}],"curies":[{"name":"wp","href":"https:\/\/api.w.org\/{rel}","templated":true}]}}